{"id":23537,"date":"2023-12-14T17:13:12","date_gmt":"2023-12-14T16:13:12","guid":{"rendered":"https:\/\/www.casabagroup.it\/cookie-policy-ue\/"},"modified":"2023-12-14T17:13:12","modified_gmt":"2023-12-14T16:13:12","slug":"cookie-policy-ue","status":"publish","type":"page","link":"https:\/\/www.casabagroup.it\/en\/cookie-policy-ue\/","title":{"rendered":"Cookie Policy (UE)"},"content":{"rendered":"\t\t<div data-elementor-type=\"wp-page\" data-elementor-id=\"23537\" class=\"elementor elementor-23537 elementor-20816\" data-elementor-post-type=\"page\">\n\t\t\t\t\t\t<section class=\"elementor-section elementor-top-section elementor-element elementor-element-39df6ba elementor-section-boxed elementor-section-height-default elementor-section-height-default\" data-id=\"39df6ba\" data-element_type=\"section\" data-e-type=\"section\">\n\t\t\t\t\t\t<div class=\"elementor-container elementor-column-gap-default\">\n\t\t\t\t\t<div class=\"elementor-column elementor-col-100 elementor-top-column elementor-element elementor-element-7d86e7e\" data-id=\"7d86e7e\" data-element_type=\"column\" data-e-type=\"column\">\n\t\t\t<div class=\"elementor-widget-wrap elementor-element-populated\">\n\t\t\t\t\t\t<div class=\"elementor-element elementor-element-b243caf elementor-widget elementor-widget-spacer\" data-id=\"b243caf\" data-element_type=\"widget\" data-e-type=\"widget\" data-widget_type=\"spacer.default\">\n\t\t\t\t<div class=\"elementor-widget-container\">\n\t\t\t\t\t\t\t<div class=\"elementor-spacer\">\n\t\t\t<div class=\"elementor-spacer-inner\"><\/div>\n\t\t<\/div>\n\t\t\t\t\t\t<\/div>\n\t\t\t\t<\/div>\n\t\t\t\t\t<\/div>\n\t\t<\/div>\n\t\t\t\t\t<\/div>\n\t\t<\/section>\n\t\t\t\t<section class=\"elementor-section elementor-top-section elementor-element elementor-element-aa7079b elementor-section-boxed elementor-section-height-default elementor-section-height-default\" data-id=\"aa7079b\" data-element_type=\"section\" data-e-type=\"section\">\n\t\t\t\t\t\t<div class=\"elementor-container elementor-column-gap-default\">\n\t\t\t\t\t<div class=\"elementor-column elementor-col-100 elementor-top-column elementor-element elementor-element-98a2d78\" data-id=\"98a2d78\" data-element_type=\"column\" data-e-type=\"column\">\n\t\t\t<div class=\"elementor-widget-wrap elementor-element-populated\">\n\t\t\t\t\t\t<div class=\"elementor-element elementor-element-b9a8985 elementor-widget elementor-widget-heading\" data-id=\"b9a8985\" data-element_type=\"widget\" data-e-type=\"widget\" data-widget_type=\"heading.default\">\n\t\t\t\t<div class=\"elementor-widget-container\">\n\t\t\t\t\t<h1 class=\"elementor-heading-title elementor-size-default\">Cookie Policy (UE)<\/h1>\t\t\t\t<\/div>\n\t\t\t\t<\/div>\n\t\t\t\t<div class=\"elementor-element elementor-element-12c68d5 elementor-widget elementor-widget-text-editor\" data-id=\"12c68d5\" data-element_type=\"widget\" data-e-type=\"widget\" data-widget_type=\"text-editor.default\">\n\t\t\t\t<div class=\"elementor-widget-container\">\n\t\t\t\t\t\t\t\t\t<div class=\"wpb_text_column wpb_content_element \">\n<div class=\"wpb_wrapper\">\n<h2 class=\"claim align-center\"><span style=\"color: var( --e-global-color-text ); font-size: 16px;\">La presente informativa descrive \u201cche cosa sono i cookie\u201d e i tipi di cookie utilizzati nel nostro sito Web.<\/span><br><\/h2>\n<\/div>\n<\/div>\n<div class=\"wpb_text_column wpb_content_element \">\n<div class=\"wpb_text_column wpb_content_element \">\n<div class=\"wpb_wrapper\">\n<h2 class=\"claim align-center\">Che cosa sono i cookie?<\/h2>\n<\/div>\n<\/div>\n<div class=\"wpb_text_column wpb_content_element \">\n<div class=\"wpb_wrapper\">\n<p>I cookie sono piccoli files di testo che vengono inviati sul tuo dispositivo elettronico (PC, tablet, ecc..) durante la navigazione in un sito web. I cookie vengono poi rinviati al sito web di origine nel corso di ogni successiva navigazione, oppure vengono inviati ad un diverso sito web che sia in grado di riconoscere quello specifico cookie. I cookie agiscono come una memoria per un sito web, consentendo che il sito web riconosca il tuo device ad ogni tua visita successiva a quel medesimo sito.<\/p>\n<\/div>\n<\/div>\n<h2>Utilizziamo i cookie nel nostro sito Web?<\/h2>\n<p>S\u00ec. Vengono utilizzati i cookie per migliorare il proprio sito Web e per fornire servizi e funzionalit\u00e0 agli utenti. \u00c8 possibile limitare o disattivare l\u2019utilizzo dei cookie tramite il proprio browser Web. Tuttavia, in questo caso alcune funzionalit\u00e0 del sito Web potrebbero diventare inaccessibili.&nbsp;<\/p>\n<\/div>\n<div class=\"wpb_text_column wpb_content_element \">\n<div class=\"wpb_wrapper\">\n<h2 class=\"claim align-center\">Tipologie di cookie che potrebbero essere presenti in questo sito<\/h2>\n<\/div>\n<\/div>\n<div class=\"wpb_text_column wpb_content_element \">\n<div class=\"wpb_wrapper\">\n<p>Cookie tecnici&nbsp;di sessione che vengono utilizzati con una durata pari alla singola sessione di navigazione e che quindi scadono nel momento in cui viene chiusa la sessione del browser. Sono definiti cookie tecnici e non \u00e8 necessario un consenso degli utenti per il loro utilizzo.<\/p>\n<p>Cookie analitici<\/p>\n<p>Questi cookie consentono di raccogliere dati sull\u2019utilizzo del sito Web da parte dell\u2019utente, compresi gli elementi su cui si fa clic durante la navigazione, al fine di migliorare le prestazioni e il design del sito stesso. Potrebbero essere condivisi con i nostri fornitori di strumenti di analisi terzi. Tuttavia, sono utilizzati esclusivamente per le finalit\u00e0 correlate al nostro sito Web.<\/p>\n<p><\/p>\n<h2>Cookie di terze parti<\/h2>\n<p>Questi cookie sono legati ai servizi forniti da terze parti, come ad esempio il &#8216;Mi piace&#8217; e il &#8220;Condividi&#8221; e monitorano l&#8217;efficacia della pubblicit\u00e0. Il soggetto terzo fornisce questi servizi in cambio di informazioni in merito alla visita dell\u2019utente al nostro sito. Ne discende, anche per i fornitori terzi di cookie, l\u2019obbligo di rispettare la normativa in materia. Per tale motivo rimandiamo ai link delle pagine web dei siti delle terze parti, nelle quali l\u2019utente potr\u00e0 trovare i moduli di raccolta del consenso ai cookie e le loro relative informative. Qualora i servizi fossero forniti da contatti indiretti con le terze parti, l\u2019utente dovr\u00e0 consultare i siti dei soggetti che fanno da intermediari tra noi e le stesse terze parti.<\/p>\n<p><\/p>\n<table border=\"1\" width=\"100%\" cellspacing=\"10\" cellpadding=\"5\">\n<tbody>\n<tr>\n<td width=\"10%\"><strong>Nome del cookie<\/strong><\/td>\n<td width=\"10%\"><strong>Tipologia<\/strong><\/td>\n<td width=\"10%\"><strong>Durata<\/strong><\/td>\n<td width=\"10%\"><strong>Genere<\/strong><\/td>\n<td width=\"50%\"><strong>Serve per<\/strong><\/td>\n<td width=\"10%\"><strong>Servizio<\/strong><\/td>\n<\/tr>\n<tr>\n<td>PHPSESSID<\/td>\n<td>Prima parte<\/td>\n<td>Sessione<\/td>\n<td>Tecnico<\/td>\n<td>Identifica la tua sessione unica nel sito.<\/td>\n<td>Questo Sito \/ CMS WordPress<\/td>\n<\/tr>\n<tr>\n<td>displayCookieConsent<\/td>\n<td>Prima parte<\/td>\n<td>1 anno<\/td>\n<td>Tecnico<\/td>\n<td>Generato dal Sito. Registra il tuo consenso all\u2019uso dei cookies nel Sito. Non raccoglie alcun tuo dato personale.<\/td>\n<td>Questo Sito<\/td>\n<\/tr>\n<tr>\n<td>_ga<\/td>\n<td>Terza parte<\/td>\n<td>2 anni<\/td>\n<td>Tecnico (anonimizzato)<\/td>\n<td>Richiesto dal servizio di terze parti Google Analytics. Cookie persistente che viene usato per distinguere gli utenti.<\/td>\n<td>Google Analytics<\/td>\n<\/tr>\n<tr>\n<td>_gat<\/td>\n<td>Terza parte<\/td>\n<td>10 minuti<\/td>\n<td>Tecnico (anonimizzato)<\/td>\n<td>Richiesto dal servizio di terze parti Google Analytics. Cookie persistente che viene usato per limitare il tasso di richieste e limitare la raccolta dati in siti ad alto traffico.<\/td>\n<td>Google Analytics<\/td>\n<\/tr>\n<tr>\n<td>NID<\/td>\n<td>Terza parte<\/td>\n<td>6 mesi<\/td>\n<td>Profilazione<\/td>\n<td>Richiesto dal servizio di terze parti Google Maps. Regola il funzionamento delle mappe dinamiche. Controlla vari identificatori unici, ma non sono noti i dettagli. Vedi sotto nelle informazioni dei cookies di Google per ulteriori informazioni su questo cookie.<\/td>\n<td>Google Maps<\/td>\n<\/tr>\n<tr>\n<td>PREF<\/td>\n<td>Terza parte<\/td>\n<td>2 anni<\/td>\n<td>Profilazione<\/td>\n<td>Richiesto dal servizio di terze parti Google Maps. Vedi sotto nelle informazioni dei cookies di Google per ulteriori informazioni su questo cookie.<\/td>\n<td>Google Maps<\/td>\n<\/tr>\n<tr>\n<td>APISID<\/td>\n<td>Terza parte<\/td>\n<td>Sessione<\/td>\n<td>Profilazione<\/td>\n<td>Richiesto dal servizio di terze parti Google Maps. Regola il funzionamento delle mappe dinamiche. Controlla vari identificatori unici, ma non sono noti i dettagli. Vedi sotto per ulteriori informazioni sui cookies di Google.<\/td>\n<td>Google Maps<\/td>\n<\/tr>\n<tr>\n<td>HSID<\/td>\n<td>Terza parte<\/td>\n<td>Sessione<\/td>\n<td>Profilazione<\/td>\n<td>Richiesto dal servizio di terze parti Google Maps. Regola il funzionamento delle mappe dinamiche. Controllano vari identificatori unici, ma non sono noti i dettagli. Vedi sotto per ulteriori informazioni sui cookies di Google.<\/td>\n<td>Google Maps<\/td>\n<\/tr>\n<tr>\n<td>SAPISID<\/td>\n<td>Terza parte<\/td>\n<td>Sessione<\/td>\n<td>Profilazione<\/td>\n<td>Richiesto dal servizio di terze parti Google Maps. Regola il funzionamento delle mappe dinamiche. Controlla vari identificatori unici, ma non sono noti i dettagli. Vedi sotto per ulteriori informazioni sui cookies di Google.<\/td>\n<td>Google Maps<\/td>\n<\/tr>\n<tr>\n<td>SID<\/td>\n<td>Terza parte<\/td>\n<td>Sessione<\/td>\n<td>Profilazione<\/td>\n<td>Richiesto dal servizio di terze parti Google Maps. Regola il funzionamento delle mappe dinamiche. Controlla vari identificatori unici, ma non sono noti i dettagli. Vedi sotto per ulteriori informazioni sui cookies di Google.<\/td>\n<td>Google Maps<\/td>\n<\/tr>\n<tr>\n<td>SSID<\/td>\n<td>Terza parte<\/td>\n<td>Sessione<\/td>\n<td>Profilazione<\/td>\n<td>Richiesto dal servizio di terze parti Google Maps. Regola il funzionamento delle mappe dinamiche. Controlla vari identificatori unici, ma non sono noti i dettagli. Vedi sotto per ulteriori informazioni sui cookies di Google.<\/td>\n<td>Google Maps<\/td>\n<\/tr>\n<tr>\n<td>GEUP<\/td>\n<td>Terza parte<\/td>\n<td>2 anni<\/td>\n<td>Profilazione<\/td>\n<td>Usato dal servizio di terza parte di gestione video di YouTube. Questo cookie \u00e8 usato per riprodurre un video YouTube. E\u2019 creato durante il caricamento del video. Un identificatore unico dato a ogni computer che permette il tracciamento di viedo YouTube da parte di Google.<\/td>\n<td>YouTube<\/td>\n<\/tr>\n<tr>\n<td>PREF<\/td>\n<td>Terza parte<\/td>\n<td>8 mesi<\/td>\n<td>Profilazione<\/td>\n<td>Usato dal servizio di terza parte di gestione video di YouTube. Questo cookie \u00e8 usato per riprodurre un video YouTube. E\u2019 creato durante il caricamento del video. Un identificatore unico dato a ogni computer che permette il tracciamento di viedo YouTube da parte di Google. Vedi sotto nelle informazioni dei cookies di Google per ulteriori informazioni su questo cookie.<\/td>\n<td>YouTube<\/td>\n<\/tr>\n<tr>\n<td>APISID<\/td>\n<td>Terza parte<\/td>\n<td>Sessione<\/td>\n<td>Profilazione<\/td>\n<td>Usato dal servizio di terza parte di gestione video di YouTube. Non sono noti i dettagli.<\/td>\n<td>YouTube<\/td>\n<\/tr>\n<tr>\n<td>HSID<\/td>\n<td>Terza parte<\/td>\n<td>Sessione<\/td>\n<td>Profilazione<\/td>\n<td>Usato dal servizio di terza parte di gestione video di YouTube. Non sono noti i dettagli. Vedi sotto nelle informazioni dei cookies di Google per ulteriori informazioni su questo cookie.<\/td>\n<td>YouTube<\/td>\n<\/tr>\n<tr>\n<td>SID<\/td>\n<td>Terza parte<\/td>\n<td>Sessione<\/td>\n<td>Profilazione<\/td>\n<td>Usato dal servizio di terza parte di gestione video di YouTube. Non sono noti i dettagli. Vedi sotto nelle informazioni dei cookies di Google per ulteriori informazioni su questo cookie.<\/td>\n<td>YouTube<\/td>\n<\/tr>\n<tr>\n<td>YSC<\/td>\n<td>Terza parte<\/td>\n<td>Sessione<\/td>\n<td>Profilazione<\/td>\n<td>Usato dal servizio di terza parte di gestione video di YouTube. Questo cookie \u00e8 usato per riprodurre un video YouTube. E\u2019 creato durante il caricamento del video.<\/td>\n<td>YouTube<\/td>\n<\/tr>\n<tr>\n<td>SSID<\/td>\n<td>Terza parte<\/td>\n<td>Sessione<\/td>\n<td>Profilazione<\/td>\n<td>Usato dal servizio di terza parte di gestione video di YouTube. Non sono noti i dettagli.<\/td>\n<td>YouTube<\/td>\n<\/tr>\n<tr>\n<td>LOGIN_INFO<\/td>\n<td>Terza parte<\/td>\n<td>Sessione<\/td>\n<td>Profilazione<\/td>\n<td>Usato dal servizio di terza parte di gestione video di YouTube. Non sono noti i dettagli.<\/td>\n<td>YouTube<\/td>\n<\/tr>\n<tr>\n<td>VISITOR_INFO1_LIVE<\/td>\n<td>Terza parte<\/td>\n<td>8 mesi<\/td>\n<td>Profilazione<\/td>\n<td>Usato dal servizio di terza parte di gestione video di YouTube. Misura della larghezza di banda di YouTube.<\/td>\n<td>YouTube<\/td>\n<\/tr>\n<tr>\n<td>SAPISID<\/td>\n<td>Terza parte<\/td>\n<td>Sessione<\/td>\n<td>Profilazione<\/td>\n<td>Usato dal servizio di terza parte di gestione video di YouTube.<\/td>\n<td>YouTube<\/td>\n<\/tr>\n<\/tbody>\n<\/table>\n<h2>Link alle informative estese sull&#8217;uso dei cookie e privacy dei domini di terze parti<\/h2>\n<p>Facebook informativa: https:\/\/www.facebook.com\/help\/cookies\/<br>Facebook (configurazione): accedere al proprio account. Sezione privacy.<\/p>\n<p>Twitter informative: https:\/\/support.twitter.com\/articles\/20170514<br>Twitter (configurazione): https:\/\/twitter.com\/settings\/security<\/p>\n<p>Linkedin informativa: https:\/\/www.linkedin.com\/legal\/cookie-policy<br>Linkedin (configurazione): https:\/\/www.linkedin.com\/settings\/<\/p>\n<p>Instagram Informativa https:\/\/instagram.com\/legal\/cookies\/<br>Instagram (configurazione) https:\/\/instagram.com\/about\/legal\/privacy\/<\/p>\n<p>Come disabilitare i cookie di servizi di terzi<\/p>\n<p>Servizi di Google: http:\/\/www.google.com\/ads\/preferences\/?hl=it<br>Facebook: https:\/\/www.facebook.com\/help\/cookies?ref_type=sitefooter<br>Twitter: https:\/\/support.twitter.com\/articles\/20170519-uso-dei-cookie-e-di-altre-tecnologie-simili-da-parte-di-twitter#<\/p>\n<h2>Come si disattivano o si rimuovono i cookie?<\/h2>\n<p>La maggior parte dei browser accettano i cookies automaticamente, ma potete anche scegliere di non accettarli. Non consigliamo questa ultima scelta dal momento che ci\u00f2 potrebbe impedire la normale navigazione e di fruire di tutte le funzionalit\u00e0 del sito. Se non desiderate che il vostro computer riceva e memorizzi cookies, potete modificare le impostazioni di sicurezza del vostro browser (Internet Explorer, Google Chrome, Safari etc.). In ogni caso, si noti che determinate parti del nostro Sito possono essere utilizzate nella loro pienezza solo se il vostro browser accetta i cookies; in caso contrario, non sarete in grado per esempio di accedere all&#8217;area riservata. Di conseguenza, la vostra scelta di rimuovere e non accettare cookies potr\u00e0 influenzare negativamente la vostra permanenza sul nostro sito. Se desiderate modificare le impostazioni dei vostri cookies, entrando nelle impostazioni dei vari browser, riportiamo di seguito brevi istruzioni su come effettuare questa operazione nei browser pi\u00f9 diffusi.<\/p>\n<ul>\n<li><a class=\"targetblank\" title=\"Internet Explorer - Attivazione e disattivazione dei cookie\" href=\"http:\/\/windows.microsoft.com\/it-it\/windows7\/block-enable-or-allow-cookies\">Windows Internet Explorer<\/a><\/li>\n<li><a title=\"Google Chrome - Attivazione e disattivazione dei cookie\" href=\"https:\/\/support.google.com\/accounts\/answer\/61416?hl=it\">Google Chrome<\/a><\/li>\n<li><a class=\"targetblank\" title=\"Mozilla Firefox - Attivazione e disattivazione dei cookie\" href=\"https:\/\/support.mozilla.org\/it\/kb\/Attivare%20e%20disattivare%20i%20cookie\">Mozilla Firefox<\/a><\/li>\n<li><a class=\"targetblank\" title=\"Apple Safari - Attivazione e disattivazione dei cookie\" href=\"https:\/\/support.apple.com\/it-it\/HT201265\">Apple Safari<\/a><\/li>\n<li><a class=\"targetblank\" title=\"Opera - Attivazione e disattivazione dei cookie\" href=\"http:\/\/help.opera.com\/Windows\/10.00\/it\/cookies.html\">Opera<\/a><\/li>\n<\/ul>\n<\/div>\n<\/div>\n<div class=\"wpb_text_column wpb_content_element \">\n<div class=\"wpb_wrapper\">\n<h2 class=\"claim align-center\">Informazioni sul decreto legge<\/h2>\n<\/div>\n<\/div>\n<div class=\"wpb_text_column wpb_content_element \">\n<div class=\"wpb_wrapper\">\n<p>Provvedimento del Garante per la Privacy dell&#8217;8 maggio 2014, pubblicato sulla Gazzetta Ufficiale n. 126 del 3 giugno consultabile all\u2019indirizzo:<\/p>\n<p>www.garanteprivacy.it<\/p>\n<\/div>\n<\/div>\t\t\t\t\t\t\t\t<\/div>\n\t\t\t\t<\/div>\n\t\t\t\t\t<\/div>\n\t\t<\/div>\n\t\t\t\t\t<\/div>\n\t\t<\/section>\n\t\t\t\t<section class=\"elementor-section elementor-top-section elementor-element elementor-element-508007b elementor-section-boxed elementor-section-height-default elementor-section-height-default\" data-id=\"508007b\" data-element_type=\"section\" data-e-type=\"section\">\n\t\t\t\t\t\t<div class=\"elementor-container elementor-column-gap-default\">\n\t\t\t\t\t<div class=\"elementor-column elementor-col-100 elementor-top-column elementor-element elementor-element-7951e19\" data-id=\"7951e19\" data-element_type=\"column\" data-e-type=\"column\">\n\t\t\t<div class=\"elementor-widget-wrap elementor-element-populated\">\n\t\t\t\t\t\t<div class=\"elementor-element elementor-element-c51676d elementor-widget elementor-widget-spacer\" data-id=\"c51676d\" data-element_type=\"widget\" data-e-type=\"widget\" data-widget_type=\"spacer.default\">\n\t\t\t\t<div class=\"elementor-widget-container\">\n\t\t\t\t\t\t\t<div class=\"elementor-spacer\">\n\t\t\t<div class=\"elementor-spacer-inner\"><\/div>\n\t\t<\/div>\n\t\t\t\t\t\t<\/div>\n\t\t\t\t<\/div>\n\t\t\t\t\t<\/div>\n\t\t<\/div>\n\t\t\t\t\t<\/div>\n\t\t<\/section>\n\t\t\t\t<\/div>\n\t\t","protected":false},"excerpt":{"rendered":"<p>Cookie Policy (UE) La presente informativa descrive \u201cche cosa sono i cookie\u201d e i tipi di cookie utilizzati nel nostro sito Web. Che cosa sono i cookie? I cookie sono piccoli files di testo che vengono inviati sul tuo dispositivo elettronico (PC, tablet, ecc..) durante la navigazione in un sito web. I cookie vengono poi [&hellip;]<\/p>\n","protected":false},"author":1,"featured_media":0,"parent":0,"menu_order":0,"comment_status":"closed","ping_status":"closed","template":"","meta":{"footnotes":""},"class_list":["post-23537","page","type-page","status-publish","hentry"],"yoast_head":"<!-- This site is optimized with the Yoast SEO plugin v27.5 - https:\/\/yoast.com\/product\/yoast-seo-wordpress\/ -->\n<title>Cookie Policy (UE) - Casaba Group<\/title>\n<meta name=\"robots\" content=\"index, follow, max-snippet:-1, max-image-preview:large, max-video-preview:-1\" \/>\n<link rel=\"canonical\" href=\"https:\/\/www.casabagroup.it\/en\/cookie-policy-ue\/\" \/>\n<meta property=\"og:locale\" content=\"en_US\" \/>\n<meta property=\"og:type\" content=\"article\" \/>\n<meta property=\"og:title\" content=\"Cookie Policy (UE) - Casaba Group\" \/>\n<meta property=\"og:description\" content=\"Cookie Policy (UE) La presente informativa descrive \u201cche cosa sono i cookie\u201d e i tipi di cookie utilizzati nel nostro sito Web. Che cosa sono i cookie? I cookie sono piccoli files di testo che vengono inviati sul tuo dispositivo elettronico (PC, tablet, ecc..) durante la navigazione in un sito web. I cookie vengono poi [&hellip;]\" \/>\n<meta property=\"og:url\" content=\"https:\/\/www.casabagroup.it\/en\/cookie-policy-ue\/\" \/>\n<meta property=\"og:site_name\" content=\"Casaba Group\" \/>\n<meta property=\"article:publisher\" content=\"https:\/\/www.facebook.com\/casabagroup\" \/>\n<meta property=\"og:image\" content=\"https:\/\/www.casabagroup.it\/wp-content\/uploads\/2024\/01\/argentario2.jpg\" \/>\n\t<meta property=\"og:image:width\" content=\"1920\" \/>\n\t<meta property=\"og:image:height\" content=\"1080\" \/>\n\t<meta property=\"og:image:type\" content=\"image\/jpeg\" \/>\n<meta name=\"twitter:card\" content=\"summary_large_image\" \/>\n<meta name=\"twitter:label1\" content=\"Est. reading time\" \/>\n\t<meta name=\"twitter:data1\" content=\"7 minutes\" \/>\n<script type=\"application\/ld+json\" class=\"yoast-schema-graph\">{\"@context\":\"https:\\\/\\\/schema.org\",\"@graph\":[{\"@type\":\"WebPage\",\"@id\":\"https:\\\/\\\/www.casabagroup.it\\\/en\\\/cookie-policy-ue\\\/\",\"url\":\"https:\\\/\\\/www.casabagroup.it\\\/en\\\/cookie-policy-ue\\\/\",\"name\":\"Cookie Policy (UE) - Casaba Group\",\"isPartOf\":{\"@id\":\"https:\\\/\\\/www.casabagroup.it\\\/#website\"},\"datePublished\":\"2023-12-14T16:13:12+00:00\",\"breadcrumb\":{\"@id\":\"https:\\\/\\\/www.casabagroup.it\\\/en\\\/cookie-policy-ue\\\/#breadcrumb\"},\"inLanguage\":\"en-US\",\"potentialAction\":[{\"@type\":\"ReadAction\",\"target\":[\"https:\\\/\\\/www.casabagroup.it\\\/en\\\/cookie-policy-ue\\\/\"]}]},{\"@type\":\"BreadcrumbList\",\"@id\":\"https:\\\/\\\/www.casabagroup.it\\\/en\\\/cookie-policy-ue\\\/#breadcrumb\",\"itemListElement\":[{\"@type\":\"ListItem\",\"position\":1,\"name\":\"Home\",\"item\":\"https:\\\/\\\/www.casabagroup.it\\\/en\\\/\"},{\"@type\":\"ListItem\",\"position\":2,\"name\":\"Cookie Policy (UE)\"}]},{\"@type\":\"WebSite\",\"@id\":\"https:\\\/\\\/www.casabagroup.it\\\/#website\",\"url\":\"https:\\\/\\\/www.casabagroup.it\\\/\",\"name\":\"Casaba Group\",\"description\":\"International Real Estate\",\"publisher\":{\"@id\":\"https:\\\/\\\/www.casabagroup.it\\\/#organization\"},\"potentialAction\":[{\"@type\":\"SearchAction\",\"target\":{\"@type\":\"EntryPoint\",\"urlTemplate\":\"https:\\\/\\\/www.casabagroup.it\\\/?s={search_term_string}\"},\"query-input\":{\"@type\":\"PropertyValueSpecification\",\"valueRequired\":true,\"valueName\":\"search_term_string\"}}],\"inLanguage\":\"en-US\"},{\"@type\":\"Organization\",\"@id\":\"https:\\\/\\\/www.casabagroup.it\\\/#organization\",\"name\":\"Casaba Group\",\"url\":\"https:\\\/\\\/www.casabagroup.it\\\/\",\"logo\":{\"@type\":\"ImageObject\",\"inLanguage\":\"en-US\",\"@id\":\"https:\\\/\\\/www.casabagroup.it\\\/#\\\/schema\\\/logo\\\/image\\\/\",\"url\":\"https:\\\/\\\/www.casabagroup.it\\\/wp-content\\\/uploads\\\/2024\\\/01\\\/cropped-logo.png\",\"contentUrl\":\"https:\\\/\\\/www.casabagroup.it\\\/wp-content\\\/uploads\\\/2024\\\/01\\\/cropped-logo.png\",\"width\":1200,\"height\":231,\"caption\":\"Casaba Group\"},\"image\":{\"@id\":\"https:\\\/\\\/www.casabagroup.it\\\/#\\\/schema\\\/logo\\\/image\\\/\"},\"sameAs\":[\"https:\\\/\\\/www.facebook.com\\\/casabagroup\",\"https:\\\/\\\/www.instagram.com\\\/casaba_group\"]}]}<\/script>\n<!-- \/ Yoast SEO plugin. -->","yoast_head_json":{"title":"Cookie Policy (UE) - Casaba Group","robots":{"index":"index","follow":"follow","max-snippet":"max-snippet:-1","max-image-preview":"max-image-preview:large","max-video-preview":"max-video-preview:-1"},"canonical":"https:\/\/www.casabagroup.it\/en\/cookie-policy-ue\/","og_locale":"en_US","og_type":"article","og_title":"Cookie Policy (UE) - Casaba Group","og_description":"Cookie Policy (UE) La presente informativa descrive \u201cche cosa sono i cookie\u201d e i tipi di cookie utilizzati nel nostro sito Web. Che cosa sono i cookie? I cookie sono piccoli files di testo che vengono inviati sul tuo dispositivo elettronico (PC, tablet, ecc..) durante la navigazione in un sito web. I cookie vengono poi [&hellip;]","og_url":"https:\/\/www.casabagroup.it\/en\/cookie-policy-ue\/","og_site_name":"Casaba Group","article_publisher":"https:\/\/www.facebook.com\/casabagroup","og_image":[{"width":1920,"height":1080,"url":"https:\/\/www.casabagroup.it\/wp-content\/uploads\/2024\/01\/argentario2.jpg","type":"image\/jpeg"}],"twitter_card":"summary_large_image","twitter_misc":{"Est. reading time":"7 minutes"},"schema":{"@context":"https:\/\/schema.org","@graph":[{"@type":"WebPage","@id":"https:\/\/www.casabagroup.it\/en\/cookie-policy-ue\/","url":"https:\/\/www.casabagroup.it\/en\/cookie-policy-ue\/","name":"Cookie Policy (UE) - Casaba Group","isPartOf":{"@id":"https:\/\/www.casabagroup.it\/#website"},"datePublished":"2023-12-14T16:13:12+00:00","breadcrumb":{"@id":"https:\/\/www.casabagroup.it\/en\/cookie-policy-ue\/#breadcrumb"},"inLanguage":"en-US","potentialAction":[{"@type":"ReadAction","target":["https:\/\/www.casabagroup.it\/en\/cookie-policy-ue\/"]}]},{"@type":"BreadcrumbList","@id":"https:\/\/www.casabagroup.it\/en\/cookie-policy-ue\/#breadcrumb","itemListElement":[{"@type":"ListItem","position":1,"name":"Home","item":"https:\/\/www.casabagroup.it\/en\/"},{"@type":"ListItem","position":2,"name":"Cookie Policy (UE)"}]},{"@type":"WebSite","@id":"https:\/\/www.casabagroup.it\/#website","url":"https:\/\/www.casabagroup.it\/","name":"Casaba Group","description":"International Real Estate","publisher":{"@id":"https:\/\/www.casabagroup.it\/#organization"},"potentialAction":[{"@type":"SearchAction","target":{"@type":"EntryPoint","urlTemplate":"https:\/\/www.casabagroup.it\/?s={search_term_string}"},"query-input":{"@type":"PropertyValueSpecification","valueRequired":true,"valueName":"search_term_string"}}],"inLanguage":"en-US"},{"@type":"Organization","@id":"https:\/\/www.casabagroup.it\/#organization","name":"Casaba Group","url":"https:\/\/www.casabagroup.it\/","logo":{"@type":"ImageObject","inLanguage":"en-US","@id":"https:\/\/www.casabagroup.it\/#\/schema\/logo\/image\/","url":"https:\/\/www.casabagroup.it\/wp-content\/uploads\/2024\/01\/cropped-logo.png","contentUrl":"https:\/\/www.casabagroup.it\/wp-content\/uploads\/2024\/01\/cropped-logo.png","width":1200,"height":231,"caption":"Casaba Group"},"image":{"@id":"https:\/\/www.casabagroup.it\/#\/schema\/logo\/image\/"},"sameAs":["https:\/\/www.facebook.com\/casabagroup","https:\/\/www.instagram.com\/casaba_group"]}]}},"_links":{"self":[{"href":"https:\/\/www.casabagroup.it\/en\/wp-json\/wp\/v2\/pages\/23537","targetHints":{"allow":["GET"]}}],"collection":[{"href":"https:\/\/www.casabagroup.it\/en\/wp-json\/wp\/v2\/pages"}],"about":[{"href":"https:\/\/www.casabagroup.it\/en\/wp-json\/wp\/v2\/types\/page"}],"author":[{"embeddable":true,"href":"https:\/\/www.casabagroup.it\/en\/wp-json\/wp\/v2\/users\/1"}],"replies":[{"embeddable":true,"href":"https:\/\/www.casabagroup.it\/en\/wp-json\/wp\/v2\/comments?post=23537"}],"version-history":[{"count":0,"href":"https:\/\/www.casabagroup.it\/en\/wp-json\/wp\/v2\/pages\/23537\/revisions"}],"wp:attachment":[{"href":"https:\/\/www.casabagroup.it\/en\/wp-json\/wp\/v2\/media?parent=23537"}],"curies":[{"name":"wp","href":"https:\/\/api.w.org\/{rel}","templated":true}]}}